{"id":18554,"date":"2016-06-20T10:44:28","date_gmt":"2016-06-20T08:44:28","guid":{"rendered":"https:\/\/dev.badeschutz.ch\/pourquoi\/"},"modified":"2016-06-20T10:44:28","modified_gmt":"2016-06-20T08:44:28","slug":"pourquoi","status":"publish","type":"page","link":"https:\/\/dev.badeschutz.ch\/fr\/pourquoi\/","title":{"rendered":"Pourquoi"},"content":{"rendered":"<p>Avec la protection \u00e9tanche pour le bain et la douche LimbO, le bras pl\u00e2tr\u00e9, la jambe pl\u00e2tr\u00e9e ou le bandage restent au sec. Une simplicit\u00e9 aux effets multiples. Un pl\u00e2tre ou un bandage entrave le quotidien. Avec LimbO, l&rsquo;essentiel devient possible et normal dans cette situation.<\/p>\n<p>LimbO est principalement destin\u00e9 \u00e0 \u00eatre utilis\u00e9 dans la baignoire ou la douche, mais peut \u00e9galement \u00eatre utilis\u00e9 dans la piscine (veuillez consulter le mode d&#8217;emploi).<\/p>\n<p>La protection contre l&rsquo;eau LimbO est particuli\u00e8rement adapt\u00e9e \u00e0 la gestion des plaies, car elle est confortable et facile \u00e0 utiliser. La manchette souple et large en n\u00e9opr\u00e8ne ne pince pas et ne serre pas, elle peut donc \u00eatre utilis\u00e9e par les patients \u00e0 la peau sensible ou souffrant de troubles de la circulation sanguine. La protection contre l&rsquo;eau LimbO est robuste, r\u00e9utilisable et durable, ce qui en fait une solution rentable pour les patients souffrant de plaies chroniques telles que les ulc\u00e8res veineux des jambes et les s\u00e9quelles du diab\u00e8te.<\/p>\n<p>Les mod\u00e8les pour la r\u00e9gion du coude sont la protection id\u00e9ale contre l&rsquo;eau pour les cath\u00e9ters PICC ou Midline et leurs pansements.<\/p>\n","protected":false},"excerpt":{"rendered":"<p>Avec la protection \u00e9tanche pour le bain et la douche LimbO, le bras pl\u00e2tr\u00e9, la jambe pl\u00e2tr\u00e9e ou le bandage restent au sec. Une simplicit\u00e9 aux effets multiples. Un pl\u00e2tre ou un bandage entrave le quotidien. Avec LimbO, l&rsquo;essentiel devient possible et normal dans cette situation. LimbO est principalement destin\u00e9 \u00e0 \u00eatre utilis\u00e9 dans la [&hellip;]<\/p>\n","protected":false},"author":6,"featured_media":18529,"parent":0,"menu_order":21,"comment_status":"closed","ping_status":"closed","template":"","meta":{"footnotes":""},"_links":{"self":[{"href":"https:\/\/dev.badeschutz.ch\/fr\/wp-json\/wp\/v2\/pages\/18554"}],"collection":[{"href":"https:\/\/dev.badeschutz.ch\/fr\/wp-json\/wp\/v2\/pages"}],"about":[{"href":"https:\/\/dev.badeschutz.ch\/fr\/wp-json\/wp\/v2\/types\/page"}],"author":[{"embeddable":true,"href":"https:\/\/dev.badeschutz.ch\/fr\/wp-json\/wp\/v2\/users\/6"}],"replies":[{"embeddable":true,"href":"https:\/\/dev.badeschutz.ch\/fr\/wp-json\/wp\/v2\/comments?post=18554"}],"version-history":[{"count":0,"href":"https:\/\/dev.badeschutz.ch\/fr\/wp-json\/wp\/v2\/pages\/18554\/revisions"}],"wp:featuredmedia":[{"embeddable":true,"href":"https:\/\/dev.badeschutz.ch\/fr\/wp-json\/wp\/v2\/media\/18529"}],"wp:attachment":[{"href":"https:\/\/dev.badeschutz.ch\/fr\/wp-json\/wp\/v2\/media?parent=18554"}],"curies":[{"name":"wp","href":"https:\/\/api.w.org\/{rel}","templated":true}]}}