{"id":18653,"date":"2023-11-15T10:41:07","date_gmt":"2023-11-15T09:41:07","guid":{"rendered":"https:\/\/dev.badeschutz.ch\/utiliser-votre-limbo\/"},"modified":"2023-11-15T10:41:07","modified_gmt":"2023-11-15T09:41:07","slug":"utiliser-votre-limbo","status":"publish","type":"page","link":"https:\/\/dev.badeschutz.ch\/fr\/utiliser-votre-limbo\/","title":{"rendered":"Utiliser votre LimbO"},"content":{"rendered":"<section class=\"block block--fitting \">\n<div class=\"container\">\n<p>Comment utiliser son produit LimbO ?<\/p>\n<p>Vous trouverez ci-dessous des conseils utiles pour cr\u00e9er votre produit LimbO. Visitez \u00e9galement notre cha\u00eene YouTube pour obtenir des astuces et des conseils sur la mesure.<\/p>\n<p>Mise en place du membre bless\u00e9 dans LimbO<br \/>\n\u00c9tape 1<\/p>\n<p>Avec le pouce et l&rsquo;index, saisissez d\u00e9licatement le joint en n\u00e9opr\u00e8ne noir de votre LimbO au niveau du bord ext\u00e9rieur, l\u00e0 o\u00f9 il est reli\u00e9 au corps en plastique transparent du protecteur. Ins\u00e9rez votre membre bless\u00e9 dans l&rsquo;ouverture du joint et poussez-le doucement dans le protecteur. (Pour les mod\u00e8les de jambes, placez le LimbO de mani\u00e8re \u00e0 ce que vos orteils se trouvent \u00e0 l&rsquo;extr\u00e9mit\u00e9 pointue). Veillez \u00e0 ne pas percer le LimbO avec des ongles pointus ou des bijoux.<\/p>\n<p>\u00c9tape 2<\/p>\n<p>Tenez toujours le LimbO comme d\u00e9crit ci-dessus et tirez-le vers le haut en faisant glisser le joint noir sur le pl\u00e2tre ou le bandage, puis tournez le joint vers l&rsquo;int\u00e9rieur pendant qu&rsquo;il glisse vers le haut pour le s\u00e9curiser.<\/p>\n<p>&nbsp;<\/p>\n<p>&nbsp;<\/p>\n<p>&nbsp;<\/p>\n<p>S\u00e9curisation du LimbO<br \/>\n\u00c9tape 3<br \/>\nLorsque le LimbO est aussi haut que possible, tirez-le l\u00e9g\u00e8rement vers le bas de mani\u00e8re \u00e0 ce que le joint s&rsquo;inverse et tourne vers le haut, de sorte que l&rsquo;int\u00e9rieur du joint soit en contact direct avec votre peau.<\/p>\n<p>\u00c9tape 4<br \/>\nAssurez-vous que le joint de votre LimbO repose bien \u00e0 plat sur votre peau et qu&rsquo;il est confortable et sans plis afin de garantir une protection \u00e9tanche.<\/p>\n<p>\u00c9tape 5<br \/>\nIl est conseill\u00e9 d&rsquo;\u00e9liminer une partie de l&rsquo;air emprisonn\u00e9 dans le LimbO, en particulier lorsqu&rsquo;il est utilis\u00e9 dans la baignoire, afin d&rsquo;\u00e9viter un \u00ab\u00a0gonflement\u00a0\u00bb excessif et une flottaison. Pour ce faire, soulevez d\u00e9licatement le joint lorsqu&rsquo;il est hors de l&rsquo;eau et expulsez l&rsquo;air du LimbO.<\/p>\n<p>&nbsp;<\/p>\n<p>&nbsp;<\/p>\n<p>&nbsp;<\/p>\n<p>Lorsque vous n&rsquo;utilisez plus votre LimbO<br \/>\nRetirer le protecteur \u00e9tanche LimbO<br \/>\n\u00c9tape 1<br \/>\nRoulez doucement le joint un peu sur lui-m\u00eame et tirez-le sur votre pl\u00e2tre ou votre bandage. Vous pouvez maintenant retirer facilement le protecteur de votre membre.<\/p>\n<p>\u00c9tape 2<br \/>\nSuspendez votre LimbO pour le faire s\u00e9cher la t\u00eate en bas et loin de toute source de chaleur directe. Il sera ainsi toujours pr\u00eat \u00e0 l&#8217;emploi et vous aidera \u00e0 vous r\u00e9tablir.<\/p>\n<p>Directives d&rsquo;entretien et d&rsquo;utilisation<br \/>\nNettoyage et rangement<br \/>\nLavez le LimbO \u00e0 la main si n\u00e9cessaire. Vous pouvez utiliser un d\u00e9sinfectant ou un d\u00e9tergent doux.<br \/>\nS\u00e9chez soigneusement votre LimbO \u00e0 l&rsquo;abri de la chaleur directe avant de le ranger.<br \/>\n\u00c9vitez de plier le joint en n\u00e9opr\u00e8ne et v\u00e9rifiez qu&rsquo;il n&rsquo;est pas endommag\u00e9 avant de le r\u00e9utiliser.<br \/>\nConservez-le dans un endroit sec \u00e0 temp\u00e9rature ambiante.<br \/>\nDirectives d&rsquo;utilisation<br \/>\nPour \u00e9viter d&rsquo;endommager les mod\u00e8les de jambes lors de l&rsquo;utilisation de LimbO sur un pl\u00e2tre grossier, il est important d&rsquo;enfiler une chaussette \u00e9paisse ou un tissu doux sur la partie inf\u00e9rieure du pl\u00e2tre, c&rsquo;est-\u00e0-dire entre le pl\u00e2tre et LimbO, afin d&rsquo;amortir l\u00e9g\u00e8rement le LimbO.<br \/>\nPour prot\u00e9ger la zone du pied des piq\u00fbres, \u00e9vitez de marcher sur des sols durs. Si possible, enfilez LimbO dans la salle de bain et entrez directement dans la baignoire ou la douche.<br \/>\nLimbO doit \u00eatre port\u00e9 pendant 20 minutes maximum afin d&rsquo;\u00e9viter d&#8217;emprisonner de l&rsquo;air chaud qui pourrait entra\u00eener la transpiration et donc le risque de pl\u00e2tre ou de pansement humide.<br \/>\nVeuillez faire particuli\u00e8rement attention \u00e0 ne pas glisser ou tr\u00e9bucher lorsque vous entrez et sortez de la baignoire ou de la douche. Votre LimbO offre une protection s\u00fbre et est fabriqu\u00e9 dans un mat\u00e9riau antid\u00e9rapant, de sorte que vous pouvez \u00e0 nouveau prendre un bain normalement.<\/p>\n<p>Pour obtenir des conseils d&rsquo;experts, veuillez appeler notre sympathique \u00e9quipe au 01243 573417, nous contacter par e-mail ou regarder nos vid\u00e9os de patients sur YouTube.<\/p>\n<p>Une photo du produit de la protection de pied imperm\u00e9able de LimbO<\/p>\n<\/div>\n<\/section>\n","protected":false},"excerpt":{"rendered":"<p>Comment utiliser son produit LimbO ? Vous trouverez ci-dessous des conseils utiles pour cr\u00e9er votre produit LimbO. Visitez \u00e9galement notre cha\u00eene YouTube pour obtenir des astuces et des conseils sur la mesure. Mise en place du membre bless\u00e9 dans LimbO \u00c9tape 1 Avec le pouce et l&rsquo;index, saisissez d\u00e9licatement le joint en n\u00e9opr\u00e8ne noir de [&hellip;]<\/p>\n","protected":false},"author":6,"featured_media":0,"parent":0,"menu_order":2,"comment_status":"closed","ping_status":"closed","template":"","meta":{"footnotes":""},"_links":{"self":[{"href":"https:\/\/dev.badeschutz.ch\/fr\/wp-json\/wp\/v2\/pages\/18653"}],"collection":[{"href":"https:\/\/dev.badeschutz.ch\/fr\/wp-json\/wp\/v2\/pages"}],"about":[{"href":"https:\/\/dev.badeschutz.ch\/fr\/wp-json\/wp\/v2\/types\/page"}],"author":[{"embeddable":true,"href":"https:\/\/dev.badeschutz.ch\/fr\/wp-json\/wp\/v2\/users\/6"}],"replies":[{"embeddable":true,"href":"https:\/\/dev.badeschutz.ch\/fr\/wp-json\/wp\/v2\/comments?post=18653"}],"version-history":[{"count":0,"href":"https:\/\/dev.badeschutz.ch\/fr\/wp-json\/wp\/v2\/pages\/18653\/revisions"}],"wp:attachment":[{"href":"https:\/\/dev.badeschutz.ch\/fr\/wp-json\/wp\/v2\/media?parent=18653"}],"curies":[{"name":"wp","href":"https:\/\/api.w.org\/{rel}","templated":true}]}}