{"id":18576,"date":"2016-09-29T12:38:11","date_gmt":"2016-09-29T10:38:11","guid":{"rendered":"https:\/\/dev.badeschutz.ch\/produkt\/protection-de-bain-demi-bras-pour-enfants\/"},"modified":"2023-11-02T11:39:51","modified_gmt":"2023-11-02T10:39:51","slug":"protection-de-bain-demi-bras-pour-enfants","status":"publish","type":"product","link":"https:\/\/dev.badeschutz.ch\/fr\/produit\/protection-de-bain-demi-bras-pour-enfants\/","title":{"rendered":"Protection de bain demi-bras pour enfants"},"content":{"rendered":"<p>La protection de bain LimbO est \u00e9tanche et offre une protection optimale contre l&rsquo;humidit\u00e9 lors de la douche et du bain. L&rsquo;avant-bras est prot\u00e9g\u00e9 et scell\u00e9 sur le haut du bras, au-dessus du coude. La manchette souple assure ici une \u00e9tanch\u00e9it\u00e9 optimale.<\/p>\n<p>Veuillez tenir compte du mode d&#8217;emploi pour l&rsquo;ajustement !<\/p>\n<p>La manchette en n\u00e9opr\u00e8ne sans latex, qui reste bien en place sans \u00eatre serr\u00e9e, emp\u00eache de mani\u00e8re fiable toute infiltration d&rsquo;eau. Dans la plupart des situations o\u00f9 vous souhaitez prot\u00e9ger votre bandage de l&rsquo;humidit\u00e9, y compris en piscine, le LimbO peut \u00eatre utilis\u00e9. Il est \u00e9galement possible de nager dans l&rsquo;eau sal\u00e9e ou douce. La housse de protection LimbO peut \u00eatre enti\u00e8rement immerg\u00e9e dans l&rsquo;eau. Elle est principalement destin\u00e9e \u00e0 \u00eatre utilis\u00e9e dans la douche ou la baignoire. La protection pl\u00e2tre et pansements est confortable, facile \u00e0 enfiler, r\u00e9utilisable et r\u00e9sistante. Pour une dur\u00e9e d&rsquo;environ 6 \u00e0 8 semaines, un LimbO devrait bien tenir et offrir une protection.<\/p>\n<p>Le produit n&rsquo;est pas st\u00e9rile. Les manchettes sont en n\u00e9opr\u00e8ne sans latex, l&rsquo;int\u00e9rieur est antid\u00e9rapant et l&rsquo;ext\u00e9rieur est renforc\u00e9 par un tissu en nylon. L&rsquo;enveloppe est en PVC\/nylon\/PVC triple couche et aseptis\u00e9, sans latex et difficilement inflammable. Un fil de nylon \u00e0 mailles multiples la renforce \u00e0 l&rsquo;int\u00e9rieur. Tous les ourlets sont soud\u00e9s ensemble, sans solvants ni colles. LimbO est fabriqu\u00e9 conform\u00e9ment aux exigences de la norme ISO 9001. En tant que dispositif m\u00e9dical de classe 1, il porte le label CE.<\/p>\n<p>Afin de garantir un ajustement parfait de ce LimbO, nous vous prions de v\u00e9rifier les mesures suivantes (pour les dispositifs m\u00e9dicaux et auxiliaires plus \u00e9pais, comme par exemple les fixateurs, les attelles, veuillez tenir compte de la circonf\u00e9rence la plus \u00e9paisse) :<\/p>\n","protected":false},"excerpt":{"rendered":"<p><strong>Remarque<\/strong> : veuillez mesurer votre circonf\u00e9rence et votre longueur avant de passer commande.<\/p>\n<p>Les dimensions ne correspondent pas \u00e0 vos mesures ?<br \/>\n<a href=\"https:\/\/dev.badeschutz.ch\/kontakt\/\" rel=\"nofollow\">Contactez-nous<\/a> sans engagement.<\/p>\n","protected":false},"featured_media":18752,"template":"","meta":[],"product_cat":[55],"product_tag":[52],"_links":{"self":[{"href":"https:\/\/dev.badeschutz.ch\/fr\/wp-json\/wp\/v2\/product\/18576"}],"collection":[{"href":"https:\/\/dev.badeschutz.ch\/fr\/wp-json\/wp\/v2\/product"}],"about":[{"href":"https:\/\/dev.badeschutz.ch\/fr\/wp-json\/wp\/v2\/types\/product"}],"wp:featuredmedia":[{"embeddable":true,"href":"https:\/\/dev.badeschutz.ch\/fr\/wp-json\/wp\/v2\/media\/18752"}],"wp:attachment":[{"href":"https:\/\/dev.badeschutz.ch\/fr\/wp-json\/wp\/v2\/media?parent=18576"}],"wp:term":[{"taxonomy":"product_cat","embeddable":true,"href":"https:\/\/dev.badeschutz.ch\/fr\/wp-json\/wp\/v2\/product_cat?post=18576"},{"taxonomy":"product_tag","embeddable":true,"href":"https:\/\/dev.badeschutz.ch\/fr\/wp-json\/wp\/v2\/product_tag?post=18576"}],"curies":[{"name":"wp","href":"https:\/\/api.w.org\/{rel}","templated":true}]}}