{"id":18579,"date":"2016-09-29T14:14:25","date_gmt":"2016-09-29T12:14:25","guid":{"rendered":"https:\/\/dev.badeschutz.ch\/produkt\/protection-de-bain-coude-pour-adultes\/"},"modified":"2016-09-29T14:14:25","modified_gmt":"2016-09-29T12:14:25","slug":"protection-de-bain-coude-pour-adultes","status":"publish","type":"product","link":"https:\/\/dev.badeschutz.ch\/fr\/produit\/protection-de-bain-coude-pour-adultes\/","title":{"rendered":"Protection de bain coude pour adultes"},"content":{"rendered":"<p>La protection de bain LimbO est imperm\u00e9able et scell\u00e9e \u00e0 10 cm au-dessus et 10 cm en dessous du coude.<\/p>\n<p>La protection de pl\u00e2tre et de bandage pour le coude convient \u00e9galement, par exemple, pour recouvrir un cath\u00e9ter central ins\u00e9r\u00e9 en p\u00e9riph\u00e9rie (PICC ou ligne PIC).<\/p>\n<p>Protection optimale contre l&rsquo;humidit\u00e9 lors de la douche et du bain. Elle peut \u00e9galement \u00eatre utilis\u00e9e comme protection en piscine et dans la plupart des situations o\u00f9 vous souhaitez prot\u00e9ger votre pl\u00e2tre ou votre pansement de l&rsquo;humidit\u00e9.<\/p>\n<p>La housse de protection LimbO peut \u00eatre enti\u00e8rement immerg\u00e9e dans l&rsquo;eau. Que vous preniez un bain relaxant ou une douche, votre bandage reste au sec !<br \/>\nUne manchette en n\u00e9opr\u00e8ne sans latex ferme la housse de protection souple de mani\u00e8re \u00e9tanche.<br \/>\nLa protection pour le bain et la douche reste bien en place sans \u00eatre serr\u00e9e et emp\u00eache efficacement l&rsquo;eau de s&rsquo;infiltrer.<\/p>\n<p>Comme la protection de bain et de douche LimbO est robuste et r\u00e9sistante \u00e0 l&rsquo;eau, elle peut \u00eatre utilis\u00e9e en hydroth\u00e9rapie ou pour la natation, \u00e0 condition d&rsquo;\u00eatre manipul\u00e9e avec pr\u00e9caution. Veuillez respecter le mode d&#8217;emploi.<br \/>\nLa protection pour pl\u00e2tre et pansements est facile \u00e0 enfiler, confortable, robuste et r\u00e9utilisable. Elle est con\u00e7ue pour durer en moyenne 6 \u00e0 8 semaines, voire plus selon l&rsquo;utilisation. Il est principalement destin\u00e9 \u00e0 \u00eatre utilis\u00e9 dans la baignoire ou la douche, mais peut \u00e9galement \u00eatre utilis\u00e9 pour la natation ou dans un bassin d&rsquo;eau (veuillez consulter le mode d&#8217;emploi).<br \/>\nLe produit n&rsquo;est pas st\u00e9rile.<\/p>\n<p>Les manchettes sont en n\u00e9opr\u00e8ne sans latex, l&rsquo;int\u00e9rieur est antid\u00e9rapant et l&rsquo;ext\u00e9rieur est renforc\u00e9 par un tissu en nylon. L&rsquo;enveloppe est en PVC\/nylon\/PVC triple couche et aseptis\u00e9, sans latex et difficilement inflammable. Un fil de nylon \u00e0 mailles multiples la renforce \u00e0 l&rsquo;int\u00e9rieur. Tous les ourlets sont soud\u00e9s ensemble, sans solvants ni colles. LimbO est fabriqu\u00e9 conform\u00e9ment aux exigences de la norme ISO 9001. En tant que dispositif m\u00e9dical de classe 1, il porte le label CE.<\/p>\n<p>Afin de garantir un ajustement parfait de ce LimbO, nous vous prions de v\u00e9rifier les mesures suivantes (tenez compte de la circonf\u00e9rence la plus \u00e9paisse pour les dispositifs m\u00e9dicaux et auxiliaires plus \u00e9pais comme les fixateurs, les attelles) :<\/p>\n","protected":false},"excerpt":{"rendered":"<p><strong>Remarque<\/strong> : veuillez mesurer votre circonf\u00e9rence et votre longueur avant de passer commande.<\/p>\n<p>Les dimensions ne correspondent pas \u00e0 vos mesures ?<br \/>\n<a href=\"\/kontakt\/\" rel=\"nofollow\">Contactez-nous<\/a> sans engagement.<\/p>\n","protected":false},"featured_media":18680,"template":"","meta":[],"product_cat":[59],"product_tag":[51],"_links":{"self":[{"href":"https:\/\/dev.badeschutz.ch\/fr\/wp-json\/wp\/v2\/product\/18579"}],"collection":[{"href":"https:\/\/dev.badeschutz.ch\/fr\/wp-json\/wp\/v2\/product"}],"about":[{"href":"https:\/\/dev.badeschutz.ch\/fr\/wp-json\/wp\/v2\/types\/product"}],"wp:featuredmedia":[{"embeddable":true,"href":"https:\/\/dev.badeschutz.ch\/fr\/wp-json\/wp\/v2\/media\/18680"}],"wp:attachment":[{"href":"https:\/\/dev.badeschutz.ch\/fr\/wp-json\/wp\/v2\/media?parent=18579"}],"wp:term":[{"taxonomy":"product_cat","embeddable":true,"href":"https:\/\/dev.badeschutz.ch\/fr\/wp-json\/wp\/v2\/product_cat?post=18579"},{"taxonomy":"product_tag","embeddable":true,"href":"https:\/\/dev.badeschutz.ch\/fr\/wp-json\/wp\/v2\/product_tag?post=18579"}],"curies":[{"name":"wp","href":"https:\/\/api.w.org\/{rel}","templated":true}]}}