{"id":18582,"date":"2016-09-29T14:05:56","date_gmt":"2016-09-29T12:05:56","guid":{"rendered":"https:\/\/dev.badeschutz.ch\/produkt\/protection-de-bain-bras-entier-pour-adultes\/"},"modified":"2016-09-29T14:05:56","modified_gmt":"2016-09-29T12:05:56","slug":"protection-de-bain-bras-entier-pour-adultes","status":"publish","type":"product","link":"https:\/\/dev.badeschutz.ch\/fr\/produit\/protection-de-bain-bras-entier-pour-adultes\/","title":{"rendered":"Protection de bain bras entier pour adultes"},"content":{"rendered":"<p>La protection de bain LimbO est \u00e9tanche et offre une protection optimale contre l&rsquo;humidit\u00e9 lors de la douche et du bain. Le bras entier est prot\u00e9g\u00e9 par le scellement sur la partie sup\u00e9rieure du bras, directement au-dessus du pl\u00e2tre ou du bandage. La circonf\u00e9rence du bras est mesur\u00e9e \u00e0 environ 2 cm au-dessus du pl\u00e2tre.<\/p>\n<p>Respectez imp\u00e9rativement le mode d&#8217;emploi du LimbO !<\/p>\n<p>La protection pour la douche et le bain est bien ajust\u00e9e sans \u00eatre serr\u00e9e et emp\u00eache tr\u00e8s bien l&rsquo;eau de s&rsquo;infiltrer. La protection souple se ferme de mani\u00e8re fiable, gr\u00e2ce \u00e0 la manchette sans latex. Elle peut \u00e9galement \u00eatre utilis\u00e9e \u00e0 la piscine et dans de nombreuses situations o\u00f9 vous souhaitez prot\u00e9ger votre pansement de l&rsquo;humidit\u00e9. Une housse de protection LimbO peut \u00eatre enti\u00e8rement immerg\u00e9e dans l&rsquo;eau. La priorit\u00e9 est donn\u00e9e \u00e0 l&rsquo;utilisation de la protection dans la baignoire ou la douche. Mais elle peut \u00e9galement \u00eatre utilis\u00e9e pour nager dans l&rsquo;eau sal\u00e9e ou douce. Attention aux objets pointus qui pourraient endommager la housse. La protection pl\u00e2tre et pansements est facile \u00e0 enfiler, confortable, r\u00e9sistante et peut \u00eatre r\u00e9utilis\u00e9e \u00e0 l&rsquo;infini dans un environnement humide. Un LimbO dure en toute s\u00e9curit\u00e9 6 \u00e0 8 semaines, selon la fr\u00e9quence d&rsquo;utilisation.<\/p>\n<p>Le produit n&rsquo;est pas st\u00e9rile. Les manchettes sont en n\u00e9opr\u00e8ne sans latex, l&rsquo;int\u00e9rieur est antid\u00e9rapant et l&rsquo;ext\u00e9rieur est renforc\u00e9 par un tissu en nylon. L&rsquo;enveloppe est en PVC\/nylon\/PVC triple couche et aseptis\u00e9, sans latex et difficilement inflammable. Un fil de nylon \u00e0 mailles multiples la renforce \u00e0 l&rsquo;int\u00e9rieur. Tous les ourlets sont soud\u00e9s ensemble, sans solvants ni colles. LimbO est fabriqu\u00e9 conform\u00e9ment aux exigences de la norme ISO 9001. En tant que dispositif m\u00e9dical de classe 1, il porte le label CE.<\/p>\n<p>Afin de garantir un ajustement parfait de ce LimbO, nous vous prions de v\u00e9rifier les mesures suivantes (pour les dispositifs m\u00e9dicaux et auxiliaires plus \u00e9pais, comme par exemple les fixateurs, les attelles, veuillez tenir compte de la circonf\u00e9rence la plus \u00e9paisse) :<\/p>\n","protected":false},"excerpt":{"rendered":"<p><strong>Remarque<\/strong> : veuillez mesurer votre circonf\u00e9rence et votre longueur avant de passer commande.<\/p>\n<p>Les dimensions ne correspondent pas \u00e0 vos mesures ?<br \/>\n<a href=\"\/kontakt\/\" rel=\"nofollow\">Contactez-nous<\/a> sans engagement.<\/p>\n","protected":false},"featured_media":18684,"template":"","meta":[],"product_cat":[54],"product_tag":[51],"_links":{"self":[{"href":"https:\/\/dev.badeschutz.ch\/fr\/wp-json\/wp\/v2\/product\/18582"}],"collection":[{"href":"https:\/\/dev.badeschutz.ch\/fr\/wp-json\/wp\/v2\/product"}],"about":[{"href":"https:\/\/dev.badeschutz.ch\/fr\/wp-json\/wp\/v2\/types\/product"}],"wp:featuredmedia":[{"embeddable":true,"href":"https:\/\/dev.badeschutz.ch\/fr\/wp-json\/wp\/v2\/media\/18684"}],"wp:attachment":[{"href":"https:\/\/dev.badeschutz.ch\/fr\/wp-json\/wp\/v2\/media?parent=18582"}],"wp:term":[{"taxonomy":"product_cat","embeddable":true,"href":"https:\/\/dev.badeschutz.ch\/fr\/wp-json\/wp\/v2\/product_cat?post=18582"},{"taxonomy":"product_tag","embeddable":true,"href":"https:\/\/dev.badeschutz.ch\/fr\/wp-json\/wp\/v2\/product_tag?post=18582"}],"curies":[{"name":"wp","href":"https:\/\/api.w.org\/{rel}","templated":true}]}}