{"id":18597,"date":"2016-09-29T11:51:39","date_gmt":"2016-09-29T09:51:39","guid":{"rendered":"https:\/\/dev.badeschutz.ch\/produkt\/protection-de-bain-demi-jambe-pour-enfants\/"},"modified":"2016-09-29T11:51:39","modified_gmt":"2016-09-29T09:51:39","slug":"protection-de-bain-demi-jambe-pour-enfants","status":"publish","type":"product","link":"https:\/\/dev.badeschutz.ch\/fr\/produit\/protection-de-bain-demi-jambe-pour-enfants\/","title":{"rendered":"Protection de bain demi-jambe pour enfants"},"content":{"rendered":"<p>La protection de bain LimbO est \u00e9tanche et offre une protection optimale contre l&rsquo;humidit\u00e9 lors de la douche et du bain. La partie inf\u00e9rieure de la jambe est prot\u00e9g\u00e9e par le scellement au-dessus du genou. Mesurez la circonf\u00e9rence de la jambe \u00e0 environ 8 cm au-dessus du genou.<\/p>\n<p>Veuillez suivre le mode d&#8217;emploi pour l&rsquo;ajustement !<\/p>\n<p>Dans la plupart des situations o\u00f9 un bandage ou un pl\u00e2tre doit \u00eatre prot\u00e9g\u00e9 de l&rsquo;humidit\u00e9, la manchette en n\u00e9opr\u00e8ne sans latex emp\u00eache de mani\u00e8re fiable la p\u00e9n\u00e9tration de l&rsquo;eau. L&rsquo;eau sal\u00e9e ou douce ne joue aucun r\u00f4le. La housse de protection LimbO peut \u00eatre enti\u00e8rement immerg\u00e9e dans l&rsquo;eau. Le LimbO est avant tout destin\u00e9 \u00e0 \u00eatre utilis\u00e9 dans le bain ou sous la douche. La protection contre l&rsquo;humidit\u00e9 est confortable \u00e0 porter, facile \u00e0 enfiler, r\u00e9utilisable et robuste. Elle a \u00e9t\u00e9 con\u00e7ue pour une dur\u00e9e d&rsquo;utilisation d&rsquo;environ 6 \u00e0 8 semaines.<\/p>\n<p>Ce produit n&rsquo;est pas st\u00e9rile. Le n\u00e9opr\u00e8ne sans latex est le mat\u00e9riau du brassard, dont l&rsquo;int\u00e9rieur est antid\u00e9rapant. L&rsquo;ext\u00e9rieur de la pochette est en nylon renforc\u00e9. Cette housse est en PVC\/nylon\/PVC triple couche et aseptis\u00e9, sans latex et difficilement inflammable. Un fil de nylon \u00e0 mailles multiples la renforce \u00e0 l&rsquo;int\u00e9rieur. Tous les ourlets sont soud\u00e9s ensemble, exempts de solvants et de colles. LimbO est fabriqu\u00e9 conform\u00e9ment aux exigences de la norme ISO 9001. En tant que dispositif m\u00e9dical de classe 1, il porte le label CE.<\/p>\n<p>Afin de garantir un ajustement parfait de ce LimbO, nous vous prions de v\u00e9rifier les mesures suivantes (pour les dispositifs m\u00e9dicaux et auxiliaires plus \u00e9pais, comme par exemple les fixateurs, les attelles, veuillez tenir compte de la circonf\u00e9rence la plus \u00e9paisse) :<\/p>\n","protected":false},"excerpt":{"rendered":"<p><strong>Remarque<\/strong> : veuillez mesurer votre circonf\u00e9rence et votre longueur avant de passer commande.<\/p>\n<p>Les dimensions ne correspondent pas \u00e0 vos mesures ?<br \/>\n<a href=\"\/kontakt\/\" rel=\"nofollow\">Contactez-nous<\/a> sans engagement.<\/p>\n","protected":false},"featured_media":18722,"template":"","meta":[],"product_cat":[58],"product_tag":[52],"_links":{"self":[{"href":"https:\/\/dev.badeschutz.ch\/fr\/wp-json\/wp\/v2\/product\/18597"}],"collection":[{"href":"https:\/\/dev.badeschutz.ch\/fr\/wp-json\/wp\/v2\/product"}],"about":[{"href":"https:\/\/dev.badeschutz.ch\/fr\/wp-json\/wp\/v2\/types\/product"}],"wp:featuredmedia":[{"embeddable":true,"href":"https:\/\/dev.badeschutz.ch\/fr\/wp-json\/wp\/v2\/media\/18722"}],"wp:attachment":[{"href":"https:\/\/dev.badeschutz.ch\/fr\/wp-json\/wp\/v2\/media?parent=18597"}],"wp:term":[{"taxonomy":"product_cat","embeddable":true,"href":"https:\/\/dev.badeschutz.ch\/fr\/wp-json\/wp\/v2\/product_cat?post=18597"},{"taxonomy":"product_tag","embeddable":true,"href":"https:\/\/dev.badeschutz.ch\/fr\/wp-json\/wp\/v2\/product_tag?post=18597"}],"curies":[{"name":"wp","href":"https:\/\/api.w.org\/{rel}","templated":true}]}}