{"id":18599,"date":"2016-06-27T12:37:06","date_gmt":"2016-06-27T10:37:06","guid":{"rendered":"https:\/\/dev.badeschutz.ch\/produkt\/protection-de-bain-pied-pour-adultes\/"},"modified":"2016-06-27T12:37:06","modified_gmt":"2016-06-27T10:37:06","slug":"protection-de-bain-pied-pour-adultes","status":"publish","type":"product","link":"https:\/\/dev.badeschutz.ch\/fr\/produit\/protection-de-bain-pied-pour-adultes\/","title":{"rendered":"Protection de bain pied pour adultes"},"content":{"rendered":"<p>La protection de bain LimbO est \u00e9tanche et offre une protection optimale contre l&rsquo;humidit\u00e9 lors de la douche et du bain. Le LimbO prot\u00e8ge le pied au-dessus de la cheville.<\/p>\n<p>Veuillez tenir compte du mode d&#8217;emploi pour l&rsquo;adaptation de la circonf\u00e9rence et de la longueur du pied ou de la pointure maximale sont importantes !<\/p>\n<p>La housse de protection LimbO peut \u00eatre enti\u00e8rement immerg\u00e9e dans l&rsquo;eau. Ce LimbO ne doit \u00eatre utilis\u00e9 QUE pour le bain ou la douche ! La protection pl\u00e2tre et pansements est facile \u00e0 enfiler, confortable, robuste et peut \u00eatre r\u00e9utilis\u00e9e \u00e0 l&rsquo;infini dans un environnement humide. Le LimbO a \u00e9t\u00e9 con\u00e7u pour une utilisation r\u00e9guli\u00e8re de 6 \u00e0 8 semaines.<\/p>\n<p>Ce produit n&rsquo;est pas st\u00e9rile. Les manchettes sont en n\u00e9opr\u00e8ne sans latex, l&rsquo;int\u00e9rieur est antid\u00e9rapant et l&rsquo;ext\u00e9rieur est renforc\u00e9 par un tissu en nylon. L&rsquo;enveloppe est en PVC\/nylon\/PVC triple couche et aseptis\u00e9, sans latex et difficilement inflammable. Un fil de nylon \u00e0 mailles multiples la renforce \u00e0 l&rsquo;int\u00e9rieur. Tous les ourlets sont soud\u00e9s ensemble, sans solvants ni colles. LimbO est fabriqu\u00e9 conform\u00e9ment aux exigences de la norme ISO 9001. En tant que dispositif m\u00e9dical de classe 1, il porte le label CE.<\/p>\n<p>Afin de garantir un ajustement parfait de ce LimbO, nous vous prions de v\u00e9rifier les mesures suivantes (pour les dispositifs m\u00e9dicaux et auxiliaires plus \u00e9pais, comme par exemple les fixateurs, les attelles, veuillez tenir compte de la circonf\u00e9rence la plus \u00e9paisse) :<\/p>\n","protected":false},"excerpt":{"rendered":"<p><strong>Remarque<\/strong> : veuillez mesurer votre circonf\u00e9rence et votre longueur avant de passer commande.<\/p>\n<p>Les dimensions ne correspondent pas \u00e0 vos mesures ?<br \/>\n<a href=\"https:\/\/dev.badeschutz.ch\/kontakt\/\">Contactez-nous<\/a> sans engagement.<\/p>\n","protected":false},"featured_media":18714,"template":"","meta":[],"product_cat":[61],"product_tag":[51],"_links":{"self":[{"href":"https:\/\/dev.badeschutz.ch\/fr\/wp-json\/wp\/v2\/product\/18599"}],"collection":[{"href":"https:\/\/dev.badeschutz.ch\/fr\/wp-json\/wp\/v2\/product"}],"about":[{"href":"https:\/\/dev.badeschutz.ch\/fr\/wp-json\/wp\/v2\/types\/product"}],"wp:featuredmedia":[{"embeddable":true,"href":"https:\/\/dev.badeschutz.ch\/fr\/wp-json\/wp\/v2\/media\/18714"}],"wp:attachment":[{"href":"https:\/\/dev.badeschutz.ch\/fr\/wp-json\/wp\/v2\/media?parent=18599"}],"wp:term":[{"taxonomy":"product_cat","embeddable":true,"href":"https:\/\/dev.badeschutz.ch\/fr\/wp-json\/wp\/v2\/product_cat?post=18599"},{"taxonomy":"product_tag","embeddable":true,"href":"https:\/\/dev.badeschutz.ch\/fr\/wp-json\/wp\/v2\/product_tag?post=18599"}],"curies":[{"name":"wp","href":"https:\/\/api.w.org\/{rel}","templated":true}]}}