{"id":18606,"date":"2016-06-27T12:35:50","date_gmt":"2016-06-27T10:35:50","guid":{"rendered":"https:\/\/dev.badeschutz.ch\/produkt\/protection-de-bain-main-adulte\/"},"modified":"2016-06-27T12:35:50","modified_gmt":"2016-06-27T10:35:50","slug":"protection-de-bain-main-adulte","status":"publish","type":"product","link":"https:\/\/dev.badeschutz.ch\/fr\/produit\/protection-de-bain-main-adulte\/","title":{"rendered":"Protection de bain main adulte"},"content":{"rendered":"<p>La protection de bain LimbO est \u00e9tanche et offre une protection optimale contre l&rsquo;humidit\u00e9 lors de la douche et du bain. La main est prot\u00e9g\u00e9e, mais le LimbO s&rsquo;\u00e9tend jusqu&rsquo;\u00e0 l&rsquo;avant-bras. La circonf\u00e9rence est mesur\u00e9e \u00e0 environ 5 cm sous le coude.<\/p>\n<p>Respectez imp\u00e9rativement le mode d&#8217;emploi du LimbO !<br \/>\nLa protection de douche et de bain reste bien en place, ne serre pas et emp\u00eache l&rsquo;eau d&rsquo;atteindre la main ou le bandage. L&rsquo;enveloppe souple est scell\u00e9e de mani\u00e8re fiable par la manchette sans latex. Elle peut \u00e9galement \u00eatre utilis\u00e9e \u00e0 la piscine et dans la mer. La housse de protection LimbO peut \u00eatre enti\u00e8rement immerg\u00e9e dans l&rsquo;eau. La priorit\u00e9 est donn\u00e9e \u00e0 l&rsquo;utilisation de la protection dans le bain ou la douche, mais elle peut aussi tr\u00e8s bien \u00eatre utilis\u00e9e pour nager dans l&rsquo;eau sal\u00e9e ou douce. Veillez \u00e0 ce que les objets pointus n&rsquo;endommagent pas la housse. La protection pl\u00e2tre et pansements est facile \u00e0 enfiler, confortable, robuste et peut \u00eatre r\u00e9utilis\u00e9e \u00e0 l&rsquo;infini dans un environnement humide. Un LimbO dure en toute s\u00e9curit\u00e9 6 \u00e0 8 semaines, selon la fr\u00e9quence d&rsquo;utilisation.<\/p>\n<p>Le produit n&rsquo;est pas st\u00e9rile. Les manchettes sont en n\u00e9opr\u00e8ne sans latex, l&rsquo;int\u00e9rieur est antid\u00e9rapant et l&rsquo;ext\u00e9rieur est renforc\u00e9 par un tissu en nylon. L&rsquo;enveloppe est en PVC\/nylon\/PVC triple couche et aseptis\u00e9, sans latex et difficilement inflammable. Un fil de nylon \u00e0 mailles multiples la renforce \u00e0 l&rsquo;int\u00e9rieur. Tous les ourlets sont soud\u00e9s ensemble, sans solvants ni colles. LimbO est fabriqu\u00e9 conform\u00e9ment aux exigences de la norme ISO 9001. En tant que dispositif m\u00e9dical de classe 1, il porte le label CE.<\/p>\n<p>Afin de garantir un ajustement parfait de ce LimbO, nous vous prions de v\u00e9rifier les mesures suivantes (pour les dispositifs m\u00e9dicaux et auxiliaires plus \u00e9pais, comme par exemple les fixateurs, les attelles, veuillez tenir compte de la circonf\u00e9rence la plus \u00e9paisse) :<\/p>\n","protected":false},"excerpt":{"rendered":"<p><strong>Remarque<\/strong> : veuillez mesurer votre circonf\u00e9rence et votre longueur avant de passer commande.<\/p>\n<p>Les dimensions ne correspondent pas \u00e0 vos mesures ?<br \/>\n<a href=\"\/kontakt\/\" rel=\"nofollow\">Contactez-nous<\/a> sans engagement.<\/p>\n","protected":false},"featured_media":18692,"template":"","meta":[],"product_cat":[62],"product_tag":[51],"_links":{"self":[{"href":"https:\/\/dev.badeschutz.ch\/fr\/wp-json\/wp\/v2\/product\/18606"}],"collection":[{"href":"https:\/\/dev.badeschutz.ch\/fr\/wp-json\/wp\/v2\/product"}],"about":[{"href":"https:\/\/dev.badeschutz.ch\/fr\/wp-json\/wp\/v2\/types\/product"}],"wp:featuredmedia":[{"embeddable":true,"href":"https:\/\/dev.badeschutz.ch\/fr\/wp-json\/wp\/v2\/media\/18692"}],"wp:attachment":[{"href":"https:\/\/dev.badeschutz.ch\/fr\/wp-json\/wp\/v2\/media?parent=18606"}],"wp:term":[{"taxonomy":"product_cat","embeddable":true,"href":"https:\/\/dev.badeschutz.ch\/fr\/wp-json\/wp\/v2\/product_cat?post=18606"},{"taxonomy":"product_tag","embeddable":true,"href":"https:\/\/dev.badeschutz.ch\/fr\/wp-json\/wp\/v2\/product_tag?post=18606"}],"curies":[{"name":"wp","href":"https:\/\/api.w.org\/{rel}","templated":true}]}}